{"id":37085,"date":"2023-05-10T17:46:59","date_gmt":"2023-05-10T15:46:59","guid":{"rendered":"https:\/\/www.printfactory-china.cn\/%e6%88%91%e5%80%91%e7%9a%84%e5%9c%b0%e9%bb%9e\/"},"modified":"2026-04-29T13:33:06","modified_gmt":"2026-04-29T11:33:06","slug":"%e6%88%91%e5%80%91%e7%9a%84%e5%9c%b0%e9%bb%9e","status":"publish","type":"page","link":"https:\/\/www.printfactory-china.cn\/zh-hant\/%e6%88%91%e5%80%91%e7%9a%84%e5%9c%b0%e9%bb%9e\/","title":{"rendered":"\u6211\u5011\u7684\u5730\u9ede"},"content":{"rendered":"\t\t<div data-elementor-type=\"wp-page\" data-elementor-id=\"37085\" class=\"elementor elementor-37085 elementor-1312\" data-elementor-post-type=\"page\">\n\t\t\t\t<div class=\"elementor-element elementor-element-f3275a5 e-flex e-con-boxed e-con e-parent\" data-id=\"f3275a5\" data-element_type=\"container\" data-e-type=\"container\">\n\t\t\t\t\t<div class=\"e-con-inner\">\n\t\t\t\t<div class=\"elementor-element elementor-element-ca10038 elementor-widget elementor-widget-heading\" data-id=\"ca10038\" data-element_type=\"widget\" data-e-type=\"widget\" data-widget_type=\"heading.default\">\n\t\t\t\t<div class=\"elementor-widget-container\">\n\t\t\t\t\t<h3 class=\"elementor-heading-title elementor-size-default\">\u4e9e\u592a<\/h3>\t\t\t\t<\/div>\n\t\t\t\t<\/div>\n\t\t\t\t\t<\/div>\n\t\t\t\t<\/div>\n\t\t<div class=\"elementor-element elementor-element-8246d83 e-flex e-con-boxed e-con e-parent\" data-id=\"8246d83\" data-element_type=\"container\" data-e-type=\"container\">\n\t\t\t\t\t<div class=\"e-con-inner\">\n\t\t<div class=\"elementor-element elementor-element-445c202 e-con-full e-flex e-con e-child\" data-id=\"445c202\" data-element_type=\"container\" data-e-type=\"container\">\n\t\t\t\t<div class=\"elementor-element elementor-element-0c210f2 elementor-widget elementor-widget-heading\" data-id=\"0c210f2\" data-element_type=\"widget\" data-e-type=\"widget\" data-widget_type=\"heading.default\">\n\t\t\t\t<div class=\"elementor-widget-container\">\n\t\t\t\t\t<h4 class=\"elementor-heading-title elementor-size-default\">\u4e2d\u570b<\/h4>\t\t\t\t<\/div>\n\t\t\t\t<\/div>\n\t\t\t\t<div class=\"elementor-element elementor-element-fc1c867 elementor-widget elementor-widget-text-editor\" data-id=\"fc1c867\" data-element_type=\"widget\" data-e-type=\"widget\" data-widget_type=\"text-editor.default\">\n\t\t\t\t<div class=\"elementor-widget-container\">\n\t\t\t\t\t\t\t\t\t<p><strong>PrintFactory China \/ \u5965\u70ed\u9f99\u4e2d\u56fd<\/strong><\/p><p>\u4e0a\u6d77\u5e02\u6d66\u4e1c\u65b0\u533a\u9526\u7ee3\u4e1c\u8def1999\u53f7706\u5ba4<br>\u5e7f\u5dde\u5e02\u756a\u79ba\u533a\u6c49\u7881\u5927\u90536\u53f7T3\u79d1\u521b\u7a7a\u95f41\u53f7\u697c421\u5ba4<\/p><p><strong>T\uff1a+<\/strong> 86 21 61100160<\/p><p><strong>\u92b7\u552e\uff1a<\/strong><a class=\"c-link\" href=\"mailto:Danny@aurelon.cn\" target=\"_blank\" rel=\"noopener noreferrer\" data-stringify-link=\"mailto:Danny@aurelon.cn\" data-sk=\"tooltip_parent\" aria-haspopup=\"menu\">danny@aurelon.cn<\/a><\/p><p><strong>\u652f\u63f4\uff1a<\/strong><a href=\"mailto:support@aurelon.cn\">support@aurelon.cn<\/a><\/p>\t\t\t\t\t\t\t\t<\/div>\n\t\t\t\t<\/div>\n\t\t<div class=\"elementor-element elementor-element-993dc1e e-con-full e-flex e-con e-child\" data-id=\"993dc1e\" data-element_type=\"container\" data-e-type=\"container\">\n\t\t\t\t<div class=\"elementor-element elementor-element-a671bcb elementor-widget elementor-widget-heading\" data-id=\"a671bcb\" data-element_type=\"widget\" data-e-type=\"widget\" data-widget_type=\"heading.default\">\n\t\t\t\t<div class=\"elementor-widget-container\">\n\t\t\t\t\t<h4 class=\"elementor-heading-title elementor-size-default\">\u65e5\u672c<\/h4>\t\t\t\t<\/div>\n\t\t\t\t<\/div>\n\t\t\t\t<div class=\"elementor-element elementor-element-8911856 elementor-widget elementor-widget-text-editor\" data-id=\"8911856\" data-element_type=\"widget\" data-e-type=\"widget\" data-widget_type=\"text-editor.default\">\n\t\t\t\t<div class=\"elementor-widget-container\">\n\t\t\t\t\t\t\t\t\t<p><strong>\u65e5\u672c\u7248\u756b\u5de5\u5ee0<\/strong><\/p><p>NKK\u5927\u6a13<br>1-14-6 \u7f8e\u58fd\u53f8\uff0c<br>\u65e5\u672c\u6771\u4eac\u90fd\u592a\u6771\u5340<br>1110055<\/p><p><strong>E\uff1a <a href=\"mailto:serene@printfactory.cloud\" target=\"_blank\" rel=\"noopener\">serene@printfactory.cloud<\/a><\/strong><\/p>\t\t\t\t\t\t\t\t<\/div>\n\t\t\t\t<\/div>\n\t\t\t\t<\/div>\n\t\t\t\t<\/div>\n\t\t<div class=\"elementor-element elementor-element-42fbb97 e-con-full e-flex e-con e-child\" data-id=\"42fbb97\" data-element_type=\"container\" data-e-type=\"container\">\n\t\t\t\t<div class=\"elementor-element elementor-element-00998c1 elementor-widget elementor-widget-heading\" data-id=\"00998c1\" data-element_type=\"widget\" data-e-type=\"widget\" data-widget_type=\"heading.default\">\n\t\t\t\t<div class=\"elementor-widget-container\">\n\t\t\t\t\t<h4 class=\"elementor-heading-title elementor-size-default\">\u4e9e\u6d32<\/h4>\t\t\t\t<\/div>\n\t\t\t\t<\/div>\n\t\t\t\t<div class=\"elementor-element elementor-element-86e99ce elementor-widget elementor-widget-text-editor\" data-id=\"86e99ce\" data-element_type=\"widget\" data-e-type=\"widget\" data-widget_type=\"text-editor.default\">\n\t\t\t\t<div class=\"elementor-widget-container\">\n\t\t\t\t\t\t\t\t\t<p><strong>PrintFactory APJ<\/strong><\/p><p>8 Marina View\uff0c\u4e9e\u6d32\u5ee3\u5834\u58541,43-01\u5c64<\/p><p>\u65b0\u52a0\u5761 018960<\/p><p><strong>\u96fb\u7dda\uff1a+<\/strong> 65 6407 1190<\/p><p><strong>E\uff1a<\/strong><a href=\"mailto:asia@printfactory.cloud\">asia@printfactory.cloud<\/a><\/p>\t\t\t\t\t\t\t\t<\/div>\n\t\t\t\t<\/div>\n\t\t\t\t<\/div>\n\t\t\t\t\t<\/div>\n\t\t\t\t<\/div>\n\t\t<div class=\"elementor-element elementor-element-0e1f476 e-flex e-con-boxed e-con e-parent\" data-id=\"0e1f476\" data-element_type=\"container\" data-e-type=\"container\">\n\t\t\t\t\t<div class=\"e-con-inner\">\n\t\t\t\t<div class=\"elementor-element elementor-element-9c8767b elementor-widget elementor-widget-heading\" data-id=\"9c8767b\" data-element_type=\"widget\" data-e-type=\"widget\" data-widget_type=\"heading.default\">\n\t\t\t\t<div class=\"elementor-widget-container\">\n\t\t\t\t\t<h3 class=\"elementor-heading-title elementor-size-default\">EMEA \u5730\u5340<\/h3>\t\t\t\t<\/div>\n\t\t\t\t<\/div>\n\t\t\t\t\t<\/div>\n\t\t\t\t<\/div>\n\t\t<div class=\"elementor-element elementor-element-c48296b e-flex e-con-boxed e-con e-parent\" data-id=\"c48296b\" data-element_type=\"container\" data-e-type=\"container\">\n\t\t\t\t\t<div class=\"e-con-inner\">\n\t\t<div class=\"elementor-element elementor-element-8f15c2a e-con-full e-flex e-con e-child\" data-id=\"8f15c2a\" data-element_type=\"container\" data-e-type=\"container\">\n\t\t\t\t<div class=\"elementor-element elementor-element-f87de2a elementor-widget elementor-widget-heading\" data-id=\"f87de2a\" data-element_type=\"widget\" data-e-type=\"widget\" data-widget_type=\"heading.default\">\n\t\t\t\t<div class=\"elementor-widget-container\">\n\t\t\t\t\t<h4 class=\"elementor-heading-title elementor-size-default\">\u5168\u7403\u7e3d\u90e8<\/h4>\t\t\t\t<\/div>\n\t\t\t\t<\/div>\n\t\t\t\t<div class=\"elementor-element elementor-element-e0ebc44 elementor-widget elementor-widget-text-editor\" data-id=\"e0ebc44\" data-element_type=\"widget\" data-e-type=\"widget\" data-widget_type=\"text-editor.default\">\n\t\t\t\t<div class=\"elementor-widget-container\">\n\t\t\t\t\t\t\t\t\t<p><strong>\u5370\u5237\u5de5\u5ee0<\/strong><\/p><p>\u535a\u683c\u7279 31-25<br aria-hidden=\"true\">\u57c3\u56e0\u970d\u6eab<br aria-hidden=\"true\">5612 LX<\/p><p>\u8377\u862d<\/p><p><strong>T\uff1a+ <\/strong>31 20 899 5953<\/p><p><strong>E\uff1a<\/strong><a href=\"mailto:info@printfactory.cloud\">info@printfactory.cloud<\/a><\/p><p><strong>\u92b7\u552e\uff1a<\/strong><a href=\"mailto:sales@printfactory.cloud\">sales@printfactory.cloud<\/a><\/p><p><strong>\u652f\u63f4\uff1a<\/strong><a href=\"mailto:support@printfactory.cloud\">support@printfactory.cloud<\/a><\/p>\t\t\t\t\t\t\t\t<\/div>\n\t\t\t\t<\/div>\n\t\t\t\t<div class=\"elementor-element elementor-element-de8b40e elementor-widget elementor-widget-heading\" data-id=\"de8b40e\" data-element_type=\"widget\" data-e-type=\"widget\" data-widget_type=\"heading.default\">\n\t\t\t\t<div class=\"elementor-widget-container\">\n\t\t\t\t\t<h4 class=\"elementor-heading-title elementor-size-default\">\u82f1\u570b<\/h4>\t\t\t\t<\/div>\n\t\t\t\t<\/div>\n\t\t\t\t<div class=\"elementor-element elementor-element-51f52fb elementor-widget elementor-widget-text-editor\" data-id=\"51f52fb\" data-element_type=\"widget\" data-e-type=\"widget\" data-widget_type=\"text-editor.default\">\n\t\t\t\t<div class=\"elementor-widget-container\">\n\t\t\t\t\t\t\t\t\t<p><strong>\u82f1\u570b\u5370\u5237\u5de5\u5ee0<\/strong><\/p><p><strong>T\uff1a<\/strong> +44 \uff0820\uff09 39979633<\/p><p><strong>\u92b7\u552e\uff1a<\/strong><a href=\"mailto:sales@printfactory.cloud\">sales@printfactory.cloud<\/a><\/p><p><strong>\u652f\u63f4\uff1a<\/strong><a href=\"mailto:support@printfactory.cloud\">support@printfactory.cloud<\/a><\/p>\t\t\t\t\t\t\t\t<\/div>\n\t\t\t\t<\/div>\n\t\t\t\t<div class=\"elementor-element elementor-element-a4bc504 elementor-widget elementor-widget-heading\" data-id=\"a4bc504\" data-element_type=\"widget\" data-e-type=\"widget\" data-widget_type=\"heading.default\">\n\t\t\t\t<div class=\"elementor-widget-container\">\n\t\t\t\t\t<h4 class=\"elementor-heading-title elementor-size-default\">\u7fa9\u5927\u5229<\/h4>\t\t\t\t<\/div>\n\t\t\t\t<\/div>\n\t\t\t\t<div class=\"elementor-element elementor-element-d913781 elementor-widget elementor-widget-text-editor\" data-id=\"d913781\" data-element_type=\"widget\" data-e-type=\"widget\" data-widget_type=\"text-editor.default\">\n\t\t\t\t<div class=\"elementor-widget-container\">\n\t\t\t\t\t\t\t\t\t<p><strong>\u7fa9\u5927\u5229\u5370\u5237\u5de5\u5ee0<\/strong><\/p><p>Piazza G. Tosi 8\uff0c 41042 Fiorano Modenese<\/p><p><strong>\u96fb\u8a71\uff1a+<\/strong> 39 0536 078155<\/p><p><strong>T\uff1a+<\/strong> 39 0536 1962017<\/p><p><strong>E\uff1a<\/strong><a href=\"mailto:gio@printfactory.cloud\">gio@printfactory.cloud<\/a><\/p>\t\t\t\t\t\t\t\t<\/div>\n\t\t\t\t<\/div>\n\t\t\t\t<div class=\"elementor-element elementor-element-e4ec6fe elementor-widget elementor-widget-heading\" data-id=\"e4ec6fe\" data-element_type=\"widget\" data-e-type=\"widget\" data-widget_type=\"heading.default\">\n\t\t\t\t<div class=\"elementor-widget-container\">\n\t\t\t\t\t<h4 class=\"elementor-heading-title elementor-size-default\">\u8c9d\u5167\u76e7\u514b\u65af\u5206\u92b7\u8207\u652f\u63f4\u5925\u4f34<\/h4>\t\t\t\t<\/div>\n\t\t\t\t<\/div>\n\t\t\t\t<div class=\"elementor-element elementor-element-e400750 elementor-widget elementor-widget-text-editor\" data-id=\"e400750\" data-element_type=\"widget\" data-e-type=\"widget\" data-widget_type=\"text-editor.default\">\n\t\t\t\t<div class=\"elementor-widget-container\">\n\t\t\t\t\t\t\t\t\t<p><strong>NautaSign \u6709\u9650\u516c\u53f8<\/strong><\/p><p>Boylestraat 48,6718 XM Ede<\/p><p>\u8377\u862d<\/p><p><strong>T\uff1a <\/strong>+31 318 69 70 70<\/p><p><strong>\u806f\u7e6b\u6211\u5011\uff1a <a href=\"https:\/\/www.nautasign.com\/contact-ons\">nautasign.com<\/a><\/strong><\/p>\t\t\t\t\t\t\t\t<\/div>\n\t\t\t\t<\/div>\n\t\t\t\t<\/div>\n\t\t<div class=\"elementor-element elementor-element-c5846d1 e-con-full e-flex e-con e-child\" data-id=\"c5846d1\" data-element_type=\"container\" data-e-type=\"container\">\n\t\t\t\t<div class=\"elementor-element elementor-element-aea6f0b elementor-widget elementor-widget-heading\" data-id=\"aea6f0b\" data-element_type=\"widget\" data-e-type=\"widget\" data-widget_type=\"heading.default\">\n\t\t\t\t<div class=\"elementor-widget-container\">\n\t\t\t\t\t<h4 class=\"elementor-heading-title elementor-size-default\">\u82f1\u570b\u5206\u92b7\u8207\u652f\u63f4\u5925\u4f34<\/h4>\t\t\t\t<\/div>\n\t\t\t\t<\/div>\n\t\t\t\t<div class=\"elementor-element elementor-element-fe95585 elementor-widget elementor-widget-text-editor\" data-id=\"fe95585\" data-element_type=\"widget\" data-e-type=\"widget\" data-widget_type=\"text-editor.default\">\n\t\t\t\t<div class=\"elementor-widget-container\">\n\t\t\t\t\t\t\t\t\t<p><strong>\u5b8c\u7f8e\u8272\u5f69\u6709\u9650\u516c\u53f8  <\/strong><\/p><p><strong>\u96fb\u8a71\uff1a+<\/strong> 44 \uff0820\uff093797 6897<\/p><p><strong>\u806f\u7d61\u65b9\u5f0f\uff1a <a href=\"https:\/\/www.perfectcolours.com\/contact-us\/\">perfectcolours.com<\/a><\/strong><\/p>\t\t\t\t\t\t\t\t<\/div>\n\t\t\t\t<\/div>\n\t\t\t\t<div class=\"elementor-element elementor-element-a4fa0cb elementor-widget elementor-widget-heading\" data-id=\"a4fa0cb\" data-element_type=\"widget\" data-e-type=\"widget\" data-widget_type=\"heading.default\">\n\t\t\t\t<div class=\"elementor-widget-container\">\n\t\t\t\t\t<h4 class=\"elementor-heading-title elementor-size-default\">\u6ce2\u862d\u767c\u884c\u5925\u4f34<\/h4>\t\t\t\t<\/div>\n\t\t\t\t<\/div>\n\t\t\t\t<div class=\"elementor-element elementor-element-7f75f46 elementor-widget elementor-widget-text-editor\" data-id=\"7f75f46\" data-element_type=\"widget\" data-e-type=\"widget\" data-widget_type=\"text-editor.default\">\n\t\t\t\t<div class=\"elementor-widget-container\">\n\t\t\t\t\t\t\t\t\t<div class=\"Hhmu2e wDYxhc NFQFxe viOShc LKPcQc\" data-md=\"16\" data-hveid=\"CDcQAA\" data-ved=\"2ahUKEwj_3LXL7rCKAxXniv0HHUDnB5UQhygoAHoECDcQAA\"><div class=\"Ftghae iirjIb DaSCDf\"><div class=\"IzNS7c duf-h\"><div class=\"QqG1Sd\" tabindex=\"0\" role=\"button\" data-ved=\"2ahUKEwj_3LXL7rCKAxXniv0HHUDnB5UQsfMFegQINxAY\"><div><div class=\"ab_button\"><strong>Magenta Vision \u6ce2\u862d Sp. z o.o. <\/strong><\/div><\/div><\/div><\/div><\/div><\/div><p>UL\u3002Pu\u0142awska 34 05-500 Piaseczno <\/p><p><strong>\u96fb\u8a71<\/strong>\uff1a+48 606 209 4030<\/p><p><strong>E<\/strong>\uff1a <a href=\"mailto:support@magenta-vision.com\">support@magenta-vision.com<\/a><\/p><p><strong>\u806f\u7e6b\u65b9\u5f0f\uff1a <a href=\"https:\/\/magenta-vision.com\/\">magenta-vision.com<\/a><\/strong><\/p>\t\t\t\t\t\t\t\t<\/div>\n\t\t\t\t<\/div>\n\t\t\t\t<div class=\"elementor-element elementor-element-05438d1 elementor-widget__width-initial elementor-widget elementor-widget-heading\" data-id=\"05438d1\" data-element_type=\"widget\" data-e-type=\"widget\" data-widget_type=\"heading.default\">\n\t\t\t\t<div class=\"elementor-widget-container\">\n\t\t\t\t\t<h4 class=\"elementor-heading-title elementor-size-default\">\u6cd5\u570b\u5206\u92b7\u5925\u4f34<\/h4>\t\t\t\t<\/div>\n\t\t\t\t<\/div>\n\t\t\t\t<div class=\"elementor-element elementor-element-95097a7 elementor-widget elementor-widget-text-editor\" data-id=\"95097a7\" data-element_type=\"widget\" data-e-type=\"widget\" data-widget_type=\"text-editor.default\">\n\t\t\t\t<div class=\"elementor-widget-container\">\n\t\t\t\t\t\t\t\t\t<div class=\"Hhmu2e wDYxhc NFQFxe viOShc LKPcQc\" data-md=\"16\" data-hveid=\"CDcQAA\" data-ved=\"2ahUKEwj_3LXL7rCKAxXniv0HHUDnB5UQhygoAHoECDcQAA\"><div class=\"Ftghae iirjIb DaSCDf\"><div class=\"IzNS7c duf-h\"><div class=\"QqG1Sd\" tabindex=\"0\" role=\"button\" data-ved=\"2ahUKEwj_3LXL7rCKAxXniv0HHUDnB5UQsfMFegQINxAY\"><div><div class=\"ab_button\"><strong>\u6210\u719f<\/strong><\/div><\/div><\/div><\/div><\/div><\/div><p>\u6cd5\u570b\u8056\u65e5\u8033\u66fc\u6602\u840a\u62c9\u5c01\u4e39\u5927\u905325\u865f\uff0c\u90f5\u905e\u5340\u865f78450<\/p><p><strong>T<\/strong>\uff1a+ <span id=\"subvalue_PHONE\" class=\"bCardHover phoneRtl vaM\" data-zcqa=\"\">33 6682 51 100<\/span><\/p><p><strong>E<\/strong>\uff1a <a href=\"mailto:contact@ripee.fr\">contact@ripee.fr<\/a><\/p><p><strong>\u806f\u7d61\u65b9\u5f0f\uff1a <a href=\"https:\/\/ripee.fr\/\">ripee.fr<\/a><\/strong><\/p>\t\t\t\t\t\t\t\t<\/div>\n\t\t\t\t<\/div>\n\t\t\t\t<\/div>\n\t\t\t\t\t<\/div>\n\t\t\t\t<\/div>\n\t\t<div class=\"elementor-element elementor-element-b0fe411 e-flex e-con-boxed e-con e-parent\" data-id=\"b0fe411\" data-element_type=\"container\" data-e-type=\"container\">\n\t\t\t\t\t<div class=\"e-con-inner\">\n\t\t\t\t<div class=\"elementor-element elementor-element-40ad99e elementor-widget elementor-widget-heading\" data-id=\"40ad99e\" data-element_type=\"widget\" data-e-type=\"widget\" data-widget_type=\"heading.default\">\n\t\t\t\t<div class=\"elementor-widget-container\">\n\t\t\t\t\t<h3 class=\"elementor-heading-title elementor-size-default\">\u7f8e\u6d32<\/h3>\t\t\t\t<\/div>\n\t\t\t\t<\/div>\n\t\t\t\t\t<\/div>\n\t\t\t\t<\/div>\n\t\t<div class=\"elementor-element elementor-element-7c4d3f8 e-flex e-con-boxed e-con e-parent\" data-id=\"7c4d3f8\" data-element_type=\"container\" data-e-type=\"container\">\n\t\t\t\t\t<div class=\"e-con-inner\">\n\t\t<div class=\"elementor-element elementor-element-4c34f10 e-con-full e-flex e-con e-child\" data-id=\"4c34f10\" data-element_type=\"container\" data-e-type=\"container\">\n\t\t\t\t<div class=\"elementor-element elementor-element-5584336 elementor-widget elementor-widget-heading\" data-id=\"5584336\" data-element_type=\"widget\" data-e-type=\"widget\" data-widget_type=\"heading.default\">\n\t\t\t\t<div class=\"elementor-widget-container\">\n\t\t\t\t\t<h4 class=\"elementor-heading-title elementor-size-default\">\u5317\u7f8e\u7e3d\u90e8<\/h4>\t\t\t\t<\/div>\n\t\t\t\t<\/div>\n\t\t\t\t<div class=\"elementor-element elementor-element-d6806fc elementor-widget elementor-widget-text-editor\" data-id=\"d6806fc\" data-element_type=\"widget\" data-e-type=\"widget\" data-widget_type=\"text-editor.default\">\n\t\t\t\t<div class=\"elementor-widget-container\">\n\t\t\t\t\t\t\t\t\t<p><strong>PrintFactory USA\uff0c LLC<\/strong><\/p><p>\u5317\u840a\u7279\u5144\u5f1f\u5927\u9053150\u865f\uff0c540\u5ba4<br>\u9e7d\u6e56\u57ce\uff0c\u7336\u4ed6\u5dde 84116<\/p><p>T\uff1a <a href=\"http:\/\/+1%20(801)%208877999\" data-wplink-url-error=\"true\">+1 801 8877999<\/a><\/p><p><strong>\u92b7\u552e\uff1a<\/strong><a href=\"mailto:sales@printfactory-usa.com\">sales@printfactory-usa.com<\/a><\/p><p><strong>\u652f\u63f4\uff1a<\/strong><a href=\"mailto:support@printfactory-usa.com\">support@printfactory-usa.com<\/a><\/p>\t\t\t\t\t\t\t\t<\/div>\n\t\t\t\t<\/div>\n\t\t\t\t<div class=\"elementor-element elementor-element-a7a4d3a elementor-widget elementor-widget-heading\" data-id=\"a7a4d3a\" data-element_type=\"widget\" data-e-type=\"widget\" data-widget_type=\"heading.default\">\n\t\t\t\t<div class=\"elementor-widget-container\">\n\t\t\t\t\t<h4 class=\"elementor-heading-title elementor-size-default\">\u58a8\u897f\u54e5\u5206\u92b7\u8207\u652f\u63f4\u5925\u4f34<\/h4>\t\t\t\t<\/div>\n\t\t\t\t<\/div>\n\t\t\t\t<div class=\"elementor-element elementor-element-4f5c752 elementor-widget elementor-widget-text-editor\" data-id=\"4f5c752\" data-element_type=\"widget\" data-e-type=\"widget\" data-widget_type=\"text-editor.default\">\n\t\t\t\t<div class=\"elementor-widget-container\">\n\t\t\t\t\t\t\t\t\t<p><strong>\u4e09\u89d2\u6d32E<\/strong><\/p><p>Pet\u00e9n 645 Colonia Letr\u00e1n Valle Alcald\u00eda Benito Ju\u00e1rez CDMX 03650 M\u00e9xico<\/p><p><strong>T\uff1a<\/strong> +52 55 8590 63 36<\/p><p><strong>\u806f\u7e6b\u65b9\u5f0f\uff1a<\/strong><a href=\"https:\/\/www.deltae.mx\/\">deltae.mx<\/a><\/p>\t\t\t\t\t\t\t\t<\/div>\n\t\t\t\t<\/div>\n\t\t\t\t<\/div>\n\t\t<div class=\"elementor-element elementor-element-a076d7c e-con-full e-flex e-con e-child\" data-id=\"a076d7c\" data-element_type=\"container\" data-e-type=\"container\">\n\t\t\t\t<div class=\"elementor-element elementor-element-530d75e elementor-widget elementor-widget-heading\" data-id=\"530d75e\" data-element_type=\"widget\" data-e-type=\"widget\" data-widget_type=\"heading.default\">\n\t\t\t\t<div class=\"elementor-widget-container\">\n\t\t\t\t\t<h4 class=\"elementor-heading-title elementor-size-default\">\u5357\u7f8e\u7e3d\u90e8\u8207\u5206\u6703<\/h4>\t\t\t\t<\/div>\n\t\t\t\t<\/div>\n\t\t\t\t<div class=\"elementor-element elementor-element-55b1af7 elementor-widget elementor-widget-text-editor\" data-id=\"55b1af7\" data-element_type=\"widget\" data-e-type=\"widget\" data-widget_type=\"text-editor.default\">\n\t\t\t\t<div class=\"elementor-widget-container\">\n\t\t\t\t\t\t\t\t\t<p><strong>PrintFactory S.A.<\/strong><\/p><p>\u8def\u6613\u65af\u00b7\u963f\u723e\u8c9d\u6258\u00b7\u5fb7\u00b7\u57c3\u96f7\u62c9\u5927\u9053 1248,11300 \u8499\u5f97\u7dad\u7684\u4e9e\uff0c\u70cf\u62c9\u572d <\/p><p><strong>\u58a8\u897f\u54e5\u57ce\uff0c\u58a8\u897f\u54e5<\/strong><\/p><p>T\uff1a+52 \uff085\uff09 570031808<\/p><p><strong>\u5df4\u897f\u8056\u4fdd\u7f85<\/strong><\/p><p><a href=\"https:\/\/maps.app.goo.gl\/WFu8983ThQxVNaUv5\" target=\"_blank\" rel=\"noopener\">PRINTFACTORY DO BRASIL LTDA.<\/a><br aria-hidden=\"true\">My Place Office &#8211; Vila Mariana<br aria-hidden=\"true\">R.Dr. Neto de Ara\u00fajo, 320 &#8211; Cj.1304 Sala 10<br aria-hidden=\"true\">Vila Mariana, S\u00e3o Paulo &#8211; SP, 04111-000 <\/p><p>T\uff1a+55\uff08800\uff097610189<\/p><p>T\uff1a+55\uff0811\uff0946326447<\/p><p><strong>\u54e5\u502b\u6bd4\u4e9e\u6ce2\u54e5\u5927<\/strong><\/p><p>T\uff1a+55\uff08800\uff097610189<\/p><p><strong>\u92b7\u552e\uff1a <span style=\"color: #5c068c;\">sales@printfactory-la.com<\/span><\/strong><\/p><p><strong>\u652f\u63f4\uff1a <span style=\"color: #5c068c;\">support@printfactory-la.com<\/span><\/strong><\/p>\t\t\t\t\t\t\t\t<\/div>\n\t\t\t\t<\/div>\n\t\t\t\t<div class=\"elementor-element elementor-element-4134287 elementor-widget elementor-widget-heading\" data-id=\"4134287\" data-element_type=\"widget\" data-e-type=\"widget\" data-widget_type=\"heading.default\">\n\t\t\t\t<div class=\"elementor-widget-container\">\n\t\t\t\t\t<h4 class=\"elementor-heading-title elementor-size-default\">PROOFMASTER \u62c9\u7f8e\u5206\u92b7\u8207\u652f\u63f4 PROPROOFMASTER \u5357\u7f8e\u5408\u4f5c\u5925\u4f34<\/h4>\t\t\t\t<\/div>\n\t\t\t\t<\/div>\n\t\t\t\t<div class=\"elementor-element elementor-element-9deeaed elementor-widget elementor-widget-text-editor\" data-id=\"9deeaed\" data-element_type=\"widget\" data-e-type=\"widget\" data-widget_type=\"text-editor.default\">\n\t\t\t\t<div class=\"elementor-widget-container\">\n\t\t\t\t\t\t\t\t\t<p><strong>\u4e09\u89d2\u6d32E<\/strong><\/p><p>Pet\u00e9n 645 Colonia Letr\u00e1n Valle Alcald\u00eda Benito Ju\u00e1rez CDMX 03650 M\u00e9xico<\/p><p><strong>T\uff1a<\/strong> +52 55 8590 63 36<\/p><p><strong>\u806f\u7e6b\u65b9\u5f0f\uff1a<\/strong><a href=\"https:\/\/www.deltae.mx\/\">deltae.mx<\/a><\/p>\t\t\t\t\t\t\t\t<\/div>\n\t\t\t\t<\/div>\n\t\t\t\t<\/div>\n\t\t\t\t\t<\/div>\n\t\t\t\t<\/div>\n\t\t<div class=\"elementor-element elementor-element-787ceb5e e-flex e-con-boxed e-con e-parent\" data-id=\"787ceb5e\" data-element_type=\"container\" data-e-type=\"container\">\n\t\t\t\t\t<div class=\"e-con-inner\">\n\t\t<div class=\"elementor-element elementor-element-5d78c0a0 e-con-full e-flex e-con e-child\" data-id=\"5d78c0a0\" data-element_type=\"container\" data-e-type=\"container\">\n\t\t\t\t<div class=\"elementor-element elementor-element-77da2e7b elementor-align-center elementor-widget elementor-widget-button\" data-id=\"77da2e7b\" data-element_type=\"widget\" data-e-type=\"widget\" data-widget_type=\"button.default\">\n\t\t\t\t<div class=\"elementor-widget-container\">\n\t\t\t\t\t\t\t\t\t<div class=\"elementor-button-wrapper\">\n\t\t\t\t\t<a class=\"elementor-button elementor-button-link elementor-size-sm\" href=\"https:\/\/forms.printfactory.cloud\/printfactory\/form\/ContactForm\/formperma\/ls8pqe-7GKZVfepWjsIdmSPvMSscvyGuUFDjIELrhpk\" target=\"_blank\">\n\t\t\t\t\t\t<span class=\"elementor-button-content-wrapper\">\n\t\t\t\t\t\t\t\t\t<span class=\"elementor-button-text\">\u806f\u7d61\u6211\u5011<\/span>\n\t\t\t\t\t<\/span>\n\t\t\t\t\t<\/a>\n\t\t\t\t<\/div>\n\t\t\t\t\t\t\t\t<\/div>\n\t\t\t\t<\/div>\n\t\t\t\t<\/div>\n\t\t<div class=\"elementor-element elementor-element-a15f78f e-con-full e-flex e-con e-child\" data-id=\"a15f78f\" data-element_type=\"container\" data-e-type=\"container\">\n\t\t\t\t<div class=\"elementor-element elementor-element-7de428ec elementor-align-center elementor-widget elementor-widget-button\" data-id=\"7de428ec\" data-element_type=\"widget\" data-e-type=\"widget\" data-widget_type=\"button.default\">\n\t\t\t\t<div class=\"elementor-widget-container\">\n\t\t\t\t\t\t\t\t\t<div class=\"elementor-button-wrapper\">\n\t\t\t\t\t<a class=\"elementor-button elementor-button-link elementor-size-sm\" href=\"https:\/\/forms.printfactory.cloud\/printfactory\/form\/GetaTrial\/formperma\/ayh6lenAB9NOm5v8iW4drHCFtHLI6uJQlM2bb1oAkV8\">\n\t\t\t\t\t\t<span class=\"elementor-button-content-wrapper\">\n\t\t\t\t\t\t\t\t\t<span class=\"elementor-button-text\">\u7533\u8acb\u5be9\u5224<\/span>\n\t\t\t\t\t<\/span>\n\t\t\t\t\t<\/a>\n\t\t\t\t<\/div>\n\t\t\t\t\t\t\t\t<\/div>\n\t\t\t\t<\/div>\n\t\t\t\t<\/div>\n\t\t\t\t\t<\/div>\n\t\t\t\t<\/div>\n\t\t\t\t<\/div>\n\t\t","protected":false},"excerpt":{"rendered":"<p>\u4e9e\u592a \u4e2d\u570b PrintFactory China \/ \u5965\u70ed\u9f99\u4e2d\u56fd \u4e0a\u6d77\u5e02\u6d66\u4e1c\u65b0\u533a\u9526\u7ee3\u4e1c\u8def1999\u53f7706\u5ba4\u5e7f\u5dde [&hellip;]<\/p>\n","protected":false},"author":3,"featured_media":0,"parent":0,"menu_order":0,"comment_status":"closed","ping_status":"closed","template":"","meta":{"_angie_page":false,"_monsterinsights_skip_tracking":false,"_monsterinsights_sitenote_active":false,"_monsterinsights_sitenote_note":"","_monsterinsights_sitenote_category":0,"footnotes":""},"class_list":["post-37085","page","type-page","status-publish","hentry"],"jetpack_sharing_enabled":true,"_links":{"self":[{"href":"https:\/\/www.printfactory-china.cn\/zh-hant\/wp-json\/wp\/v2\/pages\/37085","targetHints":{"allow":["GET"]}}],"collection":[{"href":"https:\/\/www.printfactory-china.cn\/zh-hant\/wp-json\/wp\/v2\/pages"}],"about":[{"href":"https:\/\/www.printfactory-china.cn\/zh-hant\/wp-json\/wp\/v2\/types\/page"}],"author":[{"embeddable":true,"href":"https:\/\/www.printfactory-china.cn\/zh-hant\/wp-json\/wp\/v2\/users\/3"}],"replies":[{"embeddable":true,"href":"https:\/\/www.printfactory-china.cn\/zh-hant\/wp-json\/wp\/v2\/comments?post=37085"}],"version-history":[{"count":5,"href":"https:\/\/www.printfactory-china.cn\/zh-hant\/wp-json\/wp\/v2\/pages\/37085\/revisions"}],"predecessor-version":[{"id":39930,"href":"https:\/\/www.printfactory-china.cn\/zh-hant\/wp-json\/wp\/v2\/pages\/37085\/revisions\/39930"}],"wp:attachment":[{"href":"https:\/\/www.printfactory-china.cn\/zh-hant\/wp-json\/wp\/v2\/media?parent=37085"}],"curies":[{"name":"wp","href":"https:\/\/api.w.org\/{rel}","templated":true}]}}