{"id":19710,"date":"2023-05-10T17:46:59","date_gmt":"2023-05-10T15:46:59","guid":{"rendered":"https:\/\/newsite1.printfactory.cloud\/%e6%88%91%e4%bb%ac%e7%9a%84%e5%9c%b0%e7%82%b9\/"},"modified":"2026-04-08T08:35:39","modified_gmt":"2026-04-08T06:35:39","slug":"%e6%88%91%e4%bb%ac%e7%9a%84%e5%9c%b0%e7%82%b9","status":"publish","type":"page","link":"https:\/\/www.printfactory-china.cn\/zh-hans\/%e6%88%91%e4%bb%ac%e7%9a%84%e5%9c%b0%e7%82%b9\/","title":{"rendered":"\u6211\u4eec\u7684\u5730\u70b9"},"content":{"rendered":"\t\t<div data-elementor-type=\"wp-page\" data-elementor-id=\"19710\" class=\"elementor elementor-19710 elementor-1312\" data-elementor-post-type=\"page\">\n\t\t\t\t<div class=\"elementor-element elementor-element-f3275a5 e-flex e-con-boxed e-con e-parent\" data-id=\"f3275a5\" data-element_type=\"container\" data-e-type=\"container\">\n\t\t\t\t\t<div class=\"e-con-inner\">\n\t\t\t\t<div class=\"elementor-element elementor-element-ca10038 elementor-widget elementor-widget-heading\" data-id=\"ca10038\" data-element_type=\"widget\" data-e-type=\"widget\" data-widget_type=\"heading.default\">\n\t\t\t\t<div class=\"elementor-widget-container\">\n\t\t\t\t\t<h3 class=\"elementor-heading-title elementor-size-default\">\u4e9a\u6d32\u592a\u5e73\u6d0b\u5730\u533a<\/h3>\t\t\t\t<\/div>\n\t\t\t\t<\/div>\n\t\t\t\t\t<\/div>\n\t\t\t\t<\/div>\n\t\t<div class=\"elementor-element elementor-element-8246d83 e-flex e-con-boxed e-con e-parent\" data-id=\"8246d83\" data-element_type=\"container\" data-e-type=\"container\">\n\t\t\t\t\t<div class=\"e-con-inner\">\n\t\t<div class=\"elementor-element elementor-element-445c202 e-con-full e-flex e-con e-child\" data-id=\"445c202\" data-element_type=\"container\" data-e-type=\"container\">\n\t\t\t\t<div class=\"elementor-element elementor-element-0c210f2 elementor-widget elementor-widget-heading\" data-id=\"0c210f2\" data-element_type=\"widget\" data-e-type=\"widget\" data-widget_type=\"heading.default\">\n\t\t\t\t<div class=\"elementor-widget-container\">\n\t\t\t\t\t<h4 class=\"elementor-heading-title elementor-size-default\">\u4e2d\u56fd<\/h4>\t\t\t\t<\/div>\n\t\t\t\t<\/div>\n\t\t\t\t<div class=\"elementor-element elementor-element-fc1c867 elementor-widget elementor-widget-text-editor\" data-id=\"fc1c867\" data-element_type=\"widget\" data-e-type=\"widget\" data-widget_type=\"text-editor.default\">\n\t\t\t\t<div class=\"elementor-widget-container\">\n\t\t\t\t\t\t\t\t\t<p><strong>PrintFactory China \/ \u5965\u70ed\u9f99\u4e2d\u56fd<\/strong><\/p><p>\u4e0a\u6d77\u5e02\u6d66\u4e1c\u65b0\u533a\u9526\u7ee3\u4e1c\u8def1999\u53f7706\u5ba4<br>\u5e7f\u5dde\u5e02\u756a\u79ba\u533a\u6c49\u7881\u5927\u90536\u53f7T3\u79d1\u521b\u7a7a\u95f41\u53f7\u697c421\u5ba4<\/p><p>T:<strong>+86 21 61100160<\/strong><\/p><p><strong>\u9500\u552e\uff1a<\/strong> <a class=\"c-link\" href=\"mailto:Danny@aurelon.cn\" target=\"_blank\" rel=\"noopener noreferrer\" data-stringify-link=\"mailto:Danny@aurelon.cn\" data-sk=\"tooltip_parent\" aria-haspopup=\"menu\">danny@aurelon.cn<\/a><\/p><p><strong>\u652f\u6301\uff1a<\/strong> <a href=\"mailto:support@aurelon.cn\">support@aurelon.cn<\/a><\/p>\t\t\t\t\t\t\t\t<\/div>\n\t\t\t\t<\/div>\n\t\t<div class=\"elementor-element elementor-element-993dc1e e-con-full e-flex e-con e-child\" data-id=\"993dc1e\" data-element_type=\"container\" data-e-type=\"container\">\n\t\t\t\t<div class=\"elementor-element elementor-element-a671bcb elementor-widget elementor-widget-heading\" data-id=\"a671bcb\" data-element_type=\"widget\" data-e-type=\"widget\" data-widget_type=\"heading.default\">\n\t\t\t\t<div class=\"elementor-widget-container\">\n\t\t\t\t\t<h4 class=\"elementor-heading-title elementor-size-default\">\u65e5\u672c<\/h4>\t\t\t\t<\/div>\n\t\t\t\t<\/div>\n\t\t\t\t<div class=\"elementor-element elementor-element-8911856 elementor-widget elementor-widget-text-editor\" data-id=\"8911856\" data-element_type=\"widget\" data-e-type=\"widget\" data-widget_type=\"text-editor.default\">\n\t\t\t\t<div class=\"elementor-widget-container\">\n\t\t\t\t\t\t\t\t\t<p><strong>\u65e5\u672c\u5370\u5237\u5382<\/strong><\/p><p>NKK building<br>1-14-6 Misuji,<br>Taito-ku, Tokyo-to, Japan<br>1110055<\/p><p><strong>E:<a href=\"mailto:serene@printfactory.cloud\" target=\"_blank\" rel=\"noopener\">serene@printfactory.cloud<\/a><\/strong><\/p>\t\t\t\t\t\t\t\t<\/div>\n\t\t\t\t<\/div>\n\t\t\t\t<\/div>\n\t\t\t\t<\/div>\n\t\t<div class=\"elementor-element elementor-element-42fbb97 e-con-full e-flex e-con e-child\" data-id=\"42fbb97\" data-element_type=\"container\" data-e-type=\"container\">\n\t\t\t\t<div class=\"elementor-element elementor-element-00998c1 elementor-widget elementor-widget-heading\" data-id=\"00998c1\" data-element_type=\"widget\" data-e-type=\"widget\" data-widget_type=\"heading.default\">\n\t\t\t\t<div class=\"elementor-widget-container\">\n\t\t\t\t\t<h4 class=\"elementor-heading-title elementor-size-default\">\u4e9a\u6d32<\/h4>\t\t\t\t<\/div>\n\t\t\t\t<\/div>\n\t\t\t\t<div class=\"elementor-element elementor-element-86e99ce elementor-widget elementor-widget-text-editor\" data-id=\"86e99ce\" data-element_type=\"widget\" data-e-type=\"widget\" data-widget_type=\"text-editor.default\">\n\t\t\t\t<div class=\"elementor-widget-container\">\n\t\t\t\t\t\t\t\t\t<p><strong>PrintFactory APJ<\/strong><\/p><p>\u6ee8\u6d77\u5927\u90538\u53f7\uff0c\u4e9a\u6d32\u5e7f\u573a1\u53f7\u697c\uff0c43-01\u5c42<\/p><p>\u65b0\u52a0\u5761 018960<\/p><p>T:<strong>+65 6407 1190<\/strong><\/p><p><strong>E:<\/strong> <a href=\"mailto:asia@printfactory.cloud\">asia@printfactory.cloud<\/a><\/p>\t\t\t\t\t\t\t\t<\/div>\n\t\t\t\t<\/div>\n\t\t\t\t<\/div>\n\t\t\t\t\t<\/div>\n\t\t\t\t<\/div>\n\t\t<div class=\"elementor-element elementor-element-0e1f476 e-flex e-con-boxed e-con e-parent\" data-id=\"0e1f476\" data-element_type=\"container\" data-e-type=\"container\">\n\t\t\t\t\t<div class=\"e-con-inner\">\n\t\t\t\t<div class=\"elementor-element elementor-element-9c8767b elementor-widget elementor-widget-heading\" data-id=\"9c8767b\" data-element_type=\"widget\" data-e-type=\"widget\" data-widget_type=\"heading.default\">\n\t\t\t\t<div class=\"elementor-widget-container\">\n\t\t\t\t\t<h3 class=\"elementor-heading-title elementor-size-default\">\u6b27\u6d32\u3001\u4e2d\u4e1c\u548c\u975e\u6d32\u5730\u533a<\/h3>\t\t\t\t<\/div>\n\t\t\t\t<\/div>\n\t\t\t\t\t<\/div>\n\t\t\t\t<\/div>\n\t\t<div class=\"elementor-element elementor-element-c48296b e-flex e-con-boxed e-con e-parent\" data-id=\"c48296b\" data-element_type=\"container\" data-e-type=\"container\">\n\t\t\t\t\t<div class=\"e-con-inner\">\n\t\t<div class=\"elementor-element elementor-element-8f15c2a e-con-full e-flex e-con e-child\" data-id=\"8f15c2a\" data-element_type=\"container\" data-e-type=\"container\">\n\t\t\t\t<div class=\"elementor-element elementor-element-f87de2a elementor-widget elementor-widget-heading\" data-id=\"f87de2a\" data-element_type=\"widget\" data-e-type=\"widget\" data-widget_type=\"heading.default\">\n\t\t\t\t<div class=\"elementor-widget-container\">\n\t\t\t\t\t<h4 class=\"elementor-heading-title elementor-size-default\">\u5168\u7403\u603b\u90e8<\/h4>\t\t\t\t<\/div>\n\t\t\t\t<\/div>\n\t\t\t\t<div class=\"elementor-element elementor-element-e0ebc44 elementor-widget elementor-widget-text-editor\" data-id=\"e0ebc44\" data-element_type=\"widget\" data-e-type=\"widget\" data-widget_type=\"text-editor.default\">\n\t\t\t\t<div class=\"elementor-widget-container\">\n\t\t\t\t\t\t\t\t\t<p><strong>PrintFactory<\/strong><\/p><p>Bogert 31-25<br aria-hidden=\"true\">Eindhoven<br aria-hidden=\"true\">5612 LX<\/p><p>\u8377\u5170<\/p><p>T:<strong> <\/strong>+31 20 899 5953<\/p><p><strong>E:<\/strong> <a href=\"mailto:info@printfactory.cloud\">info@printfactory.cloud<\/a><\/p><p><strong>\u9500\u552e\uff1a<\/strong> <a href=\"mailto:sales@printfactory.cloud\">sales@printfactory.cloud<\/a><\/p><p><strong>\u652f\u6301\uff1a<\/strong> <a href=\"mailto:support@printfactory.cloud\">support@printfactory.cloud<\/a><\/p>\t\t\t\t\t\t\t\t<\/div>\n\t\t\t\t<\/div>\n\t\t\t\t<div class=\"elementor-element elementor-element-de8b40e elementor-widget elementor-widget-heading\" data-id=\"de8b40e\" data-element_type=\"widget\" data-e-type=\"widget\" data-widget_type=\"heading.default\">\n\t\t\t\t<div class=\"elementor-widget-container\">\n\t\t\t\t\t<h4 class=\"elementor-heading-title elementor-size-default\">\u82f1\u56fd<\/h4>\t\t\t\t<\/div>\n\t\t\t\t<\/div>\n\t\t\t\t<div class=\"elementor-element elementor-element-51f52fb elementor-widget elementor-widget-text-editor\" data-id=\"51f52fb\" data-element_type=\"widget\" data-e-type=\"widget\" data-widget_type=\"text-editor.default\">\n\t\t\t\t<div class=\"elementor-widget-container\">\n\t\t\t\t\t\t\t\t\t<p><strong>\u82f1\u56fd PrintFactory<\/strong><\/p><p>T:<strong>+44 (20) 39979633<\/strong><\/p><p><strong>\u9500\u552e\uff1a<\/strong> <a href=\"mailto:sales@printfactory.cloud\">sales@printfactory.cloud<\/a><\/p><p><strong>\u652f\u6301\uff1a<\/strong> <a href=\"mailto:support@printfactory.cloud\">support@printfactory.cloud<\/a><\/p>\t\t\t\t\t\t\t\t<\/div>\n\t\t\t\t<\/div>\n\t\t\t\t<div class=\"elementor-element elementor-element-a4bc504 elementor-widget elementor-widget-heading\" data-id=\"a4bc504\" data-element_type=\"widget\" data-e-type=\"widget\" data-widget_type=\"heading.default\">\n\t\t\t\t<div class=\"elementor-widget-container\">\n\t\t\t\t\t<h4 class=\"elementor-heading-title elementor-size-default\">\u610f\u5927\u5229<\/h4>\t\t\t\t<\/div>\n\t\t\t\t<\/div>\n\t\t\t\t<div class=\"elementor-element elementor-element-d913781 elementor-widget elementor-widget-text-editor\" data-id=\"d913781\" data-element_type=\"widget\" data-e-type=\"widget\" data-widget_type=\"text-editor.default\">\n\t\t\t\t<div class=\"elementor-widget-container\">\n\t\t\t\t\t\t\t\t\t<p><strong>\u610f\u5927\u5229 PrintFactory<\/strong><\/p><p>Piazza G. Tosi 8, 41042 Fiorano Modenese<\/p><p>T:<strong>+39 0536 078155<\/strong><\/p><p>T:<strong>+39 0536 1962017<\/strong><\/p><p><strong>E:<\/strong> <a href=\"mailto:gio@printfactory.cloud\">gio@printfactory.cloud<\/a><\/p>\t\t\t\t\t\t\t\t<\/div>\n\t\t\t\t<\/div>\n\t\t\t\t<div class=\"elementor-element elementor-element-e4ec6fe elementor-widget elementor-widget-heading\" data-id=\"e4ec6fe\" data-element_type=\"widget\" data-e-type=\"widget\" data-widget_type=\"heading.default\">\n\t\t\t\t<div class=\"elementor-widget-container\">\n\t\t\t\t\t<h4 class=\"elementor-heading-title elementor-size-default\">\u6bd4\u8377\u5362\u5206\u9500\u548c\u652f\u6301\u5408\u4f5c\u4f19\u4f34<\/h4>\t\t\t\t<\/div>\n\t\t\t\t<\/div>\n\t\t\t\t<div class=\"elementor-element elementor-element-e400750 elementor-widget elementor-widget-text-editor\" data-id=\"e400750\" data-element_type=\"widget\" data-e-type=\"widget\" data-widget_type=\"text-editor.default\">\n\t\t\t\t<div class=\"elementor-widget-container\">\n\t\t\t\t\t\t\t\t\t<p><strong>NautaSign B.V.<\/strong><\/p><p>Boylestraat 48, 6718 XM Ede<\/p><p>\u8377\u5170<\/p><p>T:<strong> <\/strong>+31 318 69 70 70<\/p><p><strong>\u8054\u7cfb\u6211\u4eec:<a href=\"https:\/\/www.nautasign.com\/contact-ons\">nautasign.com<\/a><\/strong><\/p>\t\t\t\t\t\t\t\t<\/div>\n\t\t\t\t<\/div>\n\t\t\t\t<\/div>\n\t\t<div class=\"elementor-element elementor-element-c5846d1 e-con-full e-flex e-con e-child\" data-id=\"c5846d1\" data-element_type=\"container\" data-e-type=\"container\">\n\t\t\t\t<div class=\"elementor-element elementor-element-aea6f0b elementor-widget elementor-widget-heading\" data-id=\"aea6f0b\" data-element_type=\"widget\" data-e-type=\"widget\" data-widget_type=\"heading.default\">\n\t\t\t\t<div class=\"elementor-widget-container\">\n\t\t\t\t\t<h4 class=\"elementor-heading-title elementor-size-default\">\u82f1\u56fd\u5206\u9500\u548c\u652f\u6301\u5408\u4f5c\u4f19\u4f34<\/h4>\t\t\t\t<\/div>\n\t\t\t\t<\/div>\n\t\t\t\t<div class=\"elementor-element elementor-element-fe95585 elementor-widget elementor-widget-text-editor\" data-id=\"fe95585\" data-element_type=\"widget\" data-e-type=\"widget\" data-widget_type=\"text-editor.default\">\n\t\t\t\t<div class=\"elementor-widget-container\">\n\t\t\t\t\t\t\t\t\t<p><strong>Perfect Colours Ltd <\/strong><\/p><p>T:<strong>+44 (20)3797 6897<\/strong><\/p><p><strong>\u8054\u7cfb\u6211\u4eec:<a href=\"https:\/\/www.perfectcolours.com\/contact-us\/\">perfectcolours.com<\/a><\/strong><\/p>\t\t\t\t\t\t\t\t<\/div>\n\t\t\t\t<\/div>\n\t\t\t\t<div class=\"elementor-element elementor-element-a4fa0cb elementor-widget elementor-widget-heading\" data-id=\"a4fa0cb\" data-element_type=\"widget\" data-e-type=\"widget\" data-widget_type=\"heading.default\">\n\t\t\t\t<div class=\"elementor-widget-container\">\n\t\t\t\t\t<h4 class=\"elementor-heading-title elementor-size-default\">\u6ce2\u5170\u5206\u9500\u5408\u4f5c\u4f19\u4f34<\/h4>\t\t\t\t<\/div>\n\t\t\t\t<\/div>\n\t\t\t\t<div class=\"elementor-element elementor-element-7f75f46 elementor-widget elementor-widget-text-editor\" data-id=\"7f75f46\" data-element_type=\"widget\" data-e-type=\"widget\" data-widget_type=\"text-editor.default\">\n\t\t\t\t<div class=\"elementor-widget-container\">\n\t\t\t\t\t\t\t\t\t<div class=\"Hhmu2e wDYxhc NFQFxe viOShc LKPcQc\" data-md=\"16\" data-hveid=\"CDcQAA\" data-ved=\"2ahUKEwj_3LXL7rCKAxXniv0HHUDnB5UQhygoAHoECDcQAA\"><div class=\"Ftghae iirjIb DaSCDf\"><div class=\"IzNS7c duf-h\"><div class=\"QqG1Sd\" tabindex=\"0\" role=\"button\" data-ved=\"2ahUKEwj_3LXL7rCKAxXniv0HHUDnB5UQsfMFegQINxAY\"><div><div class=\"ab_button\"><strong>Magenta Vision Polska Sp. <\/strong><\/div><\/div><\/div><\/div><\/div><\/div><p>ul.Pu\u0142awska 34 05-500 Piaseczno <\/p><p><strong>T:<\/strong>+48 606 209 4030<\/p><p><strong>E<\/strong>:<a href=\"mailto:support@magenta-vision.com\">support@magenta-vision.com<\/a><\/p><p><strong>\u8054\u7cfb\u6211\u4eec\uff1a<a href=\"https:\/\/magenta-vision.com\/\">magenta-vision.com<\/a><\/strong><\/p>\t\t\t\t\t\t\t\t<\/div>\n\t\t\t\t<\/div>\n\t\t\t\t<div class=\"elementor-element elementor-element-05438d1 elementor-widget__width-initial elementor-widget elementor-widget-heading\" data-id=\"05438d1\" data-element_type=\"widget\" data-e-type=\"widget\" data-widget_type=\"heading.default\">\n\t\t\t\t<div class=\"elementor-widget-container\">\n\t\t\t\t\t<h4 class=\"elementor-heading-title elementor-size-default\">\u6cd5\u56fd\u5206\u9500\u5408\u4f5c\u4f19\u4f34<\/h4>\t\t\t\t<\/div>\n\t\t\t\t<\/div>\n\t\t\t\t<div class=\"elementor-element elementor-element-95097a7 elementor-widget elementor-widget-text-editor\" data-id=\"95097a7\" data-element_type=\"widget\" data-e-type=\"widget\" data-widget_type=\"text-editor.default\">\n\t\t\t\t<div class=\"elementor-widget-container\">\n\t\t\t\t\t\t\t\t\t<div class=\"Hhmu2e wDYxhc NFQFxe viOShc LKPcQc\" data-md=\"16\" data-hveid=\"CDcQAA\" data-ved=\"2ahUKEwj_3LXL7rCKAxXniv0HHUDnB5UQhygoAHoECDcQAA\"><div class=\"Ftghae iirjIb DaSCDf\"><div class=\"IzNS7c duf-h\"><div class=\"QqG1Sd\" tabindex=\"0\" role=\"button\" data-ved=\"2ahUKEwj_3LXL7rCKAxXniv0HHUDnB5UQsfMFegQINxAY\"><div><div class=\"ab_button\"><strong>Ripee<\/strong><\/div><\/div><\/div><\/div><\/div><\/div><p>25 All\u00e9e de la Fontaine, Saint-Germain-en-Laye, 78450, France<\/p><p><span id=\"subvalue_PHONE\" class=\"bCardHover phoneRtl vaM\" data-zcqa=\"\">T: +33 6682 51 100<\/span><\/p><p><strong>E<\/strong>:<a href=\"mailto:contact@ripee.fr\">contact@ripee.fr<\/a><\/p><p><strong>\u8054\u7cfb\u6211\u4eec\uff1a<a href=\"https:\/\/ripee.fr\/\">ripee.fr<\/a><\/strong><\/p>\t\t\t\t\t\t\t\t<\/div>\n\t\t\t\t<\/div>\n\t\t\t\t<\/div>\n\t\t\t\t\t<\/div>\n\t\t\t\t<\/div>\n\t\t<div class=\"elementor-element elementor-element-b0fe411 e-flex e-con-boxed e-con e-parent\" data-id=\"b0fe411\" data-element_type=\"container\" data-e-type=\"container\">\n\t\t\t\t\t<div class=\"e-con-inner\">\n\t\t\t\t<div class=\"elementor-element elementor-element-40ad99e elementor-widget elementor-widget-heading\" data-id=\"40ad99e\" data-element_type=\"widget\" data-e-type=\"widget\" data-widget_type=\"heading.default\">\n\t\t\t\t<div class=\"elementor-widget-container\">\n\t\t\t\t\t<h3 class=\"elementor-heading-title elementor-size-default\">\u7f8e\u56fd<\/h3>\t\t\t\t<\/div>\n\t\t\t\t<\/div>\n\t\t\t\t\t<\/div>\n\t\t\t\t<\/div>\n\t\t<div class=\"elementor-element elementor-element-7c4d3f8 e-flex e-con-boxed e-con e-parent\" data-id=\"7c4d3f8\" data-element_type=\"container\" data-e-type=\"container\">\n\t\t\t\t\t<div class=\"e-con-inner\">\n\t\t<div class=\"elementor-element elementor-element-4c34f10 e-con-full e-flex e-con e-child\" data-id=\"4c34f10\" data-element_type=\"container\" data-e-type=\"container\">\n\t\t\t\t<div class=\"elementor-element elementor-element-5584336 elementor-widget elementor-widget-heading\" data-id=\"5584336\" data-element_type=\"widget\" data-e-type=\"widget\" data-widget_type=\"heading.default\">\n\t\t\t\t<div class=\"elementor-widget-container\">\n\t\t\t\t\t<h4 class=\"elementor-heading-title elementor-size-default\">\u5317\u7f8e\u603b\u90e8<\/h4>\t\t\t\t<\/div>\n\t\t\t\t<\/div>\n\t\t\t\t<div class=\"elementor-element elementor-element-d6806fc elementor-widget elementor-widget-text-editor\" data-id=\"d6806fc\" data-element_type=\"widget\" data-e-type=\"widget\" data-widget_type=\"text-editor.default\">\n\t\t\t\t<div class=\"elementor-widget-container\">\n\t\t\t\t\t\t\t\t\t<p><strong>\u7f8e\u56fdPrintFactory\u6709\u9650\u8d23\u4efb\u516c\u53f8<\/strong><\/p><p>150 North Wright Brothers Drive, Suite 540<br>\u76d0\u6e56\u57ce\uff0cUT 84116<\/p><p><a href=\"http:\/\/+1%20(801)%208877999\" data-wplink-url-error=\"true\">T: +1 801 8877999<\/a><\/p><p><strong>\u9500\u552e\uff1a<\/strong> <a href=\"mailto:sales@printfactory-usa.com\">sales@printfactory-usa.com<\/a><\/p><p><strong>\u652f\u6301\uff1a<\/strong> <a href=\"mailto:support@printfactory-usa.com\">support@printfactory-usa.com<\/a><\/p>\t\t\t\t\t\t\t\t<\/div>\n\t\t\t\t<\/div>\n\t\t\t\t<div class=\"elementor-element elementor-element-a7a4d3a elementor-widget elementor-widget-heading\" data-id=\"a7a4d3a\" data-element_type=\"widget\" data-e-type=\"widget\" data-widget_type=\"heading.default\">\n\t\t\t\t<div class=\"elementor-widget-container\">\n\t\t\t\t\t<h4 class=\"elementor-heading-title elementor-size-default\">\u58a8\u897f\u54e5\u5206\u9500\u548c\u652f\u6301\u5408\u4f5c\u4f19\u4f34<\/h4>\t\t\t\t<\/div>\n\t\t\t\t<\/div>\n\t\t\t\t<div class=\"elementor-element elementor-element-4f5c752 elementor-widget elementor-widget-text-editor\" data-id=\"4f5c752\" data-element_type=\"widget\" data-e-type=\"widget\" data-widget_type=\"text-editor.default\">\n\t\t\t\t<div class=\"elementor-widget-container\">\n\t\t\t\t\t\t\t\t\t<p><strong>Delta E<\/strong><\/p><p>Pet\u00e9n 645 Colonia Letr\u00e1n Valle Alcald\u00eda Benito Ju\u00e1rez CDMX 03650 M\u00e9xico<\/p><p>T:<strong>+52 55 8590 63 36<\/strong><\/p><p><strong>\u53d6\u5f97\u8054\u7cfb\uff1a<\/strong> <a href=\"https:\/\/www.deltae.mx\/\">deltae.mx<\/a><\/p>\t\t\t\t\t\t\t\t<\/div>\n\t\t\t\t<\/div>\n\t\t\t\t<\/div>\n\t\t<div class=\"elementor-element elementor-element-a076d7c e-con-full e-flex e-con e-child\" data-id=\"a076d7c\" data-element_type=\"container\" data-e-type=\"container\">\n\t\t\t\t<div class=\"elementor-element elementor-element-530d75e elementor-widget elementor-widget-heading\" data-id=\"530d75e\" data-element_type=\"widget\" data-e-type=\"widget\" data-widget_type=\"heading.default\">\n\t\t\t\t<div class=\"elementor-widget-container\">\n\t\t\t\t\t<h4 class=\"elementor-heading-title elementor-size-default\">\u5357\u7f8e\u6d32\u603b\u90e8\u548c\u5206\u652f\u673a\u6784<\/h4>\t\t\t\t<\/div>\n\t\t\t\t<\/div>\n\t\t\t\t<div class=\"elementor-element elementor-element-55b1af7 elementor-widget elementor-widget-text-editor\" data-id=\"55b1af7\" data-element_type=\"widget\" data-e-type=\"widget\" data-widget_type=\"text-editor.default\">\n\t\t\t\t<div class=\"elementor-widget-container\">\n\t\t\t\t\t\t\t\t\t<p><strong>PrintFactory S.A.<\/strong><\/p><p>Av. \u4e4c\u62c9\u572d\u8499\u5f97\u7ef4\u7684\u4e9aLuis Alberto de Herrera 1248\u53f7\uff0c11300\u3002 <\/p><p><strong>\u58a8\u897f\u54e5\u57ce\uff0c\u58a8\u897f\u54e5<\/strong><\/p><p>T: +52 (5) 570031808<\/p><p><strong>\u5df4\u897f\uff0c\u5723\u4fdd\u7f57<\/strong><\/p><p>T: +55 (800) 7610189<\/p><p>T: +55 (11) 46326447<\/p><p><strong>\u54e5\u4f26\u6bd4\u4e9a\uff0c\u6ce2\u54e5\u5927<\/strong><\/p><p>T: +55 (800) 7610189<\/p><p><strong>\u9500\u552e\uff1a<span style=\"color: #5c068c;\">sales@printfactory-la.com<\/span><\/strong><\/p><p><strong>\u652f\u6301\uff1a<span style=\"color: #5c068c;\">support@printfactory-la.com<\/span><\/strong><\/p>\t\t\t\t\t\t\t\t<\/div>\n\t\t\t\t<\/div>\n\t\t\t\t<div class=\"elementor-element elementor-element-4134287 elementor-widget elementor-widget-heading\" data-id=\"4134287\" data-element_type=\"widget\" data-e-type=\"widget\" data-widget_type=\"heading.default\">\n\t\t\t\t<div class=\"elementor-widget-container\">\n\t\t\t\t\t<h4 class=\"elementor-heading-title elementor-size-default\">proofmaster \u62c9\u4e01\u7f8e\u6d32\u5206\u9500\u4e0e\u652f\u6301 proofmaster \u5357\u7f8e\u5408\u4f5c\u4f19\u4f34<\/h4>\t\t\t\t<\/div>\n\t\t\t\t<\/div>\n\t\t\t\t<div class=\"elementor-element elementor-element-9deeaed elementor-widget elementor-widget-text-editor\" data-id=\"9deeaed\" data-element_type=\"widget\" data-e-type=\"widget\" data-widget_type=\"text-editor.default\">\n\t\t\t\t<div class=\"elementor-widget-container\">\n\t\t\t\t\t\t\t\t\t<p><strong>Delta E<\/strong><\/p><p>Pet\u00e9n 645 Colonia Letr\u00e1n Valle Alcald\u00eda Benito Ju\u00e1rez CDMX 03650 M\u00e9xico<\/p><p>T:<strong>+52 55 8590 63 36<\/strong><\/p><p><strong>\u53d6\u5f97\u8054\u7cfb\uff1a<\/strong> <a href=\"https:\/\/www.deltae.mx\/\">deltae.mx<\/a><\/p>\t\t\t\t\t\t\t\t<\/div>\n\t\t\t\t<\/div>\n\t\t\t\t<\/div>\n\t\t\t\t\t<\/div>\n\t\t\t\t<\/div>\n\t\t<div class=\"elementor-element elementor-element-787ceb5e e-flex e-con-boxed e-con e-parent\" data-id=\"787ceb5e\" data-element_type=\"container\" data-e-type=\"container\">\n\t\t\t\t\t<div class=\"e-con-inner\">\n\t\t<div class=\"elementor-element elementor-element-5d78c0a0 e-con-full e-flex e-con e-child\" data-id=\"5d78c0a0\" data-element_type=\"container\" data-e-type=\"container\">\n\t\t\t\t<div class=\"elementor-element elementor-element-77da2e7b elementor-align-center elementor-widget elementor-widget-button\" data-id=\"77da2e7b\" data-element_type=\"widget\" data-e-type=\"widget\" data-widget_type=\"button.default\">\n\t\t\t\t<div class=\"elementor-widget-container\">\n\t\t\t\t\t\t\t\t\t<div class=\"elementor-button-wrapper\">\n\t\t\t\t\t<a class=\"elementor-button elementor-button-link elementor-size-sm\" href=\"https:\/\/forms.printfactory.cloud\/printfactory\/form\/ContactForm\/formperma\/ls8pqe-7GKZVfepWjsIdmSPvMSscvyGuUFDjIELrhpk\" target=\"_blank\">\n\t\t\t\t\t\t<span class=\"elementor-button-content-wrapper\">\n\t\t\t\t\t\t\t\t\t<span class=\"elementor-button-text\">\u8054\u7cfb\u6211\u4eec<\/span>\n\t\t\t\t\t<\/span>\n\t\t\t\t\t<\/a>\n\t\t\t\t<\/div>\n\t\t\t\t\t\t\t\t<\/div>\n\t\t\t\t<\/div>\n\t\t\t\t<\/div>\n\t\t<div class=\"elementor-element elementor-element-a15f78f e-con-full e-flex e-con e-child\" data-id=\"a15f78f\" data-element_type=\"container\" data-e-type=\"container\">\n\t\t\t\t<div class=\"elementor-element elementor-element-7de428ec elementor-align-center elementor-widget elementor-widget-button\" data-id=\"7de428ec\" data-element_type=\"widget\" data-e-type=\"widget\" data-widget_type=\"button.default\">\n\t\t\t\t<div class=\"elementor-widget-container\">\n\t\t\t\t\t\t\t\t\t<div class=\"elementor-button-wrapper\">\n\t\t\t\t\t<a class=\"elementor-button elementor-button-link elementor-size-sm\" href=\"https:\/\/forms.printfactory.cloud\/printfactory\/form\/GetaTrial\/formperma\/ayh6lenAB9NOm5v8iW4drHCFtHLI6uJQlM2bb1oAkV8\">\n\t\t\t\t\t\t<span class=\"elementor-button-content-wrapper\">\n\t\t\t\t\t\t\t\t\t<span class=\"elementor-button-text\">\u7533\u8bf7\u8bd5\u7528<\/span>\n\t\t\t\t\t<\/span>\n\t\t\t\t\t<\/a>\n\t\t\t\t<\/div>\n\t\t\t\t\t\t\t\t<\/div>\n\t\t\t\t<\/div>\n\t\t\t\t<\/div>\n\t\t\t\t\t<\/div>\n\t\t\t\t<\/div>\n\t\t\t\t<\/div>\n\t\t","protected":false},"excerpt":{"rendered":"<p>\u4e9a\u6d32\u592a\u5e73\u6d0b\u5730\u533a \u4e2d\u56fd PrintFactory China \/ \u5965\u70ed\u9f99\u4e2d\u56fd \u4e0a\u6d77\u5e02\u6d66\u4e1c\u65b0\u533a\u9526\u7ee3\u4e1c\u8def1999\u53f77 [&hellip;]<\/p>\n","protected":false},"author":3,"featured_media":0,"parent":0,"menu_order":0,"comment_status":"closed","ping_status":"closed","template":"","meta":{"_monsterinsights_skip_tracking":false,"_monsterinsights_sitenote_active":false,"_monsterinsights_sitenote_note":"","_monsterinsights_sitenote_category":0,"footnotes":""},"class_list":["post-19710","page","type-page","status-publish","hentry"],"jetpack_sharing_enabled":true,"_links":{"self":[{"href":"https:\/\/www.printfactory-china.cn\/zh-hans\/wp-json\/wp\/v2\/pages\/19710","targetHints":{"allow":["GET"]}}],"collection":[{"href":"https:\/\/www.printfactory-china.cn\/zh-hans\/wp-json\/wp\/v2\/pages"}],"about":[{"href":"https:\/\/www.printfactory-china.cn\/zh-hans\/wp-json\/wp\/v2\/types\/page"}],"author":[{"embeddable":true,"href":"https:\/\/www.printfactory-china.cn\/zh-hans\/wp-json\/wp\/v2\/users\/3"}],"replies":[{"embeddable":true,"href":"https:\/\/www.printfactory-china.cn\/zh-hans\/wp-json\/wp\/v2\/comments?post=19710"}],"version-history":[{"count":14,"href":"https:\/\/www.printfactory-china.cn\/zh-hans\/wp-json\/wp\/v2\/pages\/19710\/revisions"}],"predecessor-version":[{"id":37738,"href":"https:\/\/www.printfactory-china.cn\/zh-hans\/wp-json\/wp\/v2\/pages\/19710\/revisions\/37738"}],"wp:attachment":[{"href":"https:\/\/www.printfactory-china.cn\/zh-hans\/wp-json\/wp\/v2\/media?parent=19710"}],"curies":[{"name":"wp","href":"https:\/\/api.w.org\/{rel}","templated":true}]}}